{"id":23,"date":"2017-10-01T19:20:40","date_gmt":"2017-10-01T19:20:40","guid":{"rendered":"https:\/\/import.brothersthemes.com\/nur\/?page_id=23"},"modified":"2026-01-16T09:55:40","modified_gmt":"2026-01-16T09:55:40","slug":"contact-us","status":"publish","type":"page","link":"https:\/\/www.c2saerospace.com\/?page_id=23","title":{"rendered":"Contact Us"},"content":{"rendered":"<div class=\"wpb-content-wrapper\"><p>[vc_row][vc_column][vc_custom_heading text=&#8221;Our Locations&#8221; use_theme_fonts=&#8221;yes&#8221;][vc_separator color=&#8221;blue&#8221;][\/vc_column][\/vc_row][vc_row][vc_column width=&#8221;1\/2&#8243;][vc_column_text]<strong>C2S HAVACILIK \u00c7\u00d6Z\u00dcMLER\u0130<\/strong><\/p>\n<p>C2S Havac\u0131l\u0131k \u00c7\u00f6z\u00fcmleri San. Tic. \u0130th. Ve \u0130hc. Ltd. \u015eti.<\/p>\n<p>Mutlukent Mh. Binsesin Sit. 1964 Cd. No: 41\/1 \u00dcmitk\u00f6y<\/p>\n<p>ANKARA \/ TURKEY<\/p>\n<p>NCAGE: TK744<\/p>\n<p>Email: sarp.temur@c2saerospace.com<\/p>\n<p>Phone: +90 539 765 32 04[\/vc_column_text][\/vc_column][vc_column width=&#8221;1\/2&#8243;][vc_column_text]<strong>C2S AEROSPACE USA<\/strong><\/p>\n<p>314 Heron Landing Rd Saint Johns,<\/p>\n<p>FL, 32259 USA<\/p>\n<p>DUNS: 117872256<\/p>\n<p>CAGE: 8VDM8<\/p>\n<p>Email: ufuk.tankut@c2saerospace.com[\/vc_column_text][\/vc_column][\/vc_row]<\/p>\n<\/div>","protected":false},"excerpt":{"rendered":"<p>[vc_row][vc_column][vc_custom_heading text=&#8221;Our Locations&#8221; use_theme_fonts=&#8221;yes&#8221;][vc_separator color=&#8221;blue&#8221;][\/vc_column][\/vc_row][vc_row][vc_column width=&#8221;1\/2&#8243;][vc_column_text]C2S HAVACILIK \u00c7\u00d6Z\u00dcMLER\u0130 C2S Havac\u0131l\u0131k \u00c7\u00f6z\u00fcmleri San. Tic. \u0130th. Ve \u0130hc. Ltd. \u015eti. Mutlukent Mh. Binsesin Sit. 1964 Cd. No: 41\/1 \u00dcmitk\u00f6y ANKARA \/ TURKEY NCAGE: TK744 Email: sarp.temur@c2saerospace.com Phone: +90 539 765 32 04[\/vc_column_text][\/vc_column][vc_column width=&#8221;1\/2&#8243;][vc_column_text]C2S AEROSPACE USA 314 Heron Landing Rd Saint Johns, FL, 32259 USA DUNS: 117872256 CAGE: [&hellip;]<\/p>\n","protected":false},"author":1,"featured_media":0,"parent":0,"menu_order":0,"comment_status":"closed","ping_status":"closed","template":"","meta":{"footnotes":""},"class_list":["post-23","page","type-page","status-publish","hentry"],"_links":{"self":[{"href":"https:\/\/www.c2saerospace.com\/index.php?rest_route=\/wp\/v2\/pages\/23","targetHints":{"allow":["GET"]}}],"collection":[{"href":"https:\/\/www.c2saerospace.com\/index.php?rest_route=\/wp\/v2\/pages"}],"about":[{"href":"https:\/\/www.c2saerospace.com\/index.php?rest_route=\/wp\/v2\/types\/page"}],"author":[{"embeddable":true,"href":"https:\/\/www.c2saerospace.com\/index.php?rest_route=\/wp\/v2\/users\/1"}],"replies":[{"embeddable":true,"href":"https:\/\/www.c2saerospace.com\/index.php?rest_route=%2Fwp%2Fv2%2Fcomments&post=23"}],"version-history":[{"count":27,"href":"https:\/\/www.c2saerospace.com\/index.php?rest_route=\/wp\/v2\/pages\/23\/revisions"}],"predecessor-version":[{"id":1172,"href":"https:\/\/www.c2saerospace.com\/index.php?rest_route=\/wp\/v2\/pages\/23\/revisions\/1172"}],"wp:attachment":[{"href":"https:\/\/www.c2saerospace.com\/index.php?rest_route=%2Fwp%2Fv2%2Fmedia&parent=23"}],"curies":[{"name":"wp","href":"https:\/\/api.w.org\/{rel}","templated":true}]}}